{"id":3471,"date":"2024-11-23T23:24:33","date_gmt":"2024-11-23T22:24:33","guid":{"rendered":"https:\/\/www.allianceclimat.com\/?page_id=3471"},"modified":"2024-12-14T18:50:08","modified_gmt":"2024-12-14T17:50:08","slug":"initiative-pour-leau-potable","status":"publish","type":"page","link":"https:\/\/www.allianceclimat.com\/index.php\/initiative-pour-leau-potable\/","title":{"rendered":"Une riposte durable : Initiative pour l&rsquo;eau potable"},"content":{"rendered":"\t\t<div data-elementor-type=\"wp-page\" data-elementor-id=\"3471\" class=\"elementor elementor-3471\">\n\t\t\t\t<div class=\"elementor-element elementor-element-7731e4e e-flex e-con-boxed e-con e-parent\" data-id=\"7731e4e\" data-element_type=\"container\">\n\t\t\t\t\t<div class=\"e-con-inner\">\n\t\t<div class=\"elementor-element elementor-element-9ba15e8 e-grid e-con-full e-con e-child\" data-id=\"9ba15e8\" data-element_type=\"container\">\n\t\t\t\t<div class=\"elementor-element elementor-element-872fdfb elementor-widget elementor-widget-text-editor\" data-id=\"872fdfb\" data-element_type=\"widget\" data-widget_type=\"text-editor.default\">\n\t\t\t\t<div class=\"elementor-widget-container\">\n\t\t\t<style>\/*! elementor - v3.22.0 - 17-06-2024 *\/\n.elementor-widget-text-editor.elementor-drop-cap-view-stacked .elementor-drop-cap{background-color:#69727d;color:#fff}.elementor-widget-text-editor.elementor-drop-cap-view-framed .elementor-drop-cap{color:#69727d;border:3px solid;background-color:transparent}.elementor-widget-text-editor:not(.elementor-drop-cap-view-default) .elementor-drop-cap{margin-top:8px}.elementor-widget-text-editor:not(.elementor-drop-cap-view-default) .elementor-drop-cap-letter{width:1em;height:1em}.elementor-widget-text-editor .elementor-drop-cap{float:left;text-align:center;line-height:1;font-size:50px}.elementor-widget-text-editor .elementor-drop-cap-letter{display:inline-block}<\/style>\t\t\t\t<p><strong>Pour pallier \u00e0 la probl\u00e9matique d\u2019ins\u00e9curit\u00e9 en eau, l\u2019ALIC met en place 3 champs d\u2019action<\/strong><\/p><p>En 2023, l\u2019Institut de l\u2019Universit\u00e9 des Nations Unies pour l\u2019Eau, l\u2019Environnement et la Sant\u00e9 a \u00e9tabli que sur 7, 8 milliards habitants de la plan\u00e8te r\u00e9partis sur 186 pays, on en comptait environ <b>5, 2 milliards, soit 72% souffrant d\u2019ins\u00e9curit\u00e9 en eau<\/b><b>. <\/b><\/p>\t\t\t\t\t\t<\/div>\n\t\t\t\t<\/div>\n\t\t\t\t<div class=\"elementor-element elementor-element-d70a908 elementor-widget elementor-widget-image\" data-id=\"d70a908\" data-element_type=\"widget\" data-widget_type=\"image.default\">\n\t\t\t\t<div class=\"elementor-widget-container\">\n\t\t\t<style>\/*! elementor - v3.22.0 - 17-06-2024 *\/\n.elementor-widget-image{text-align:center}.elementor-widget-image a{display:inline-block}.elementor-widget-image a img[src$=\".svg\"]{width:48px}.elementor-widget-image img{vertical-align:middle;display:inline-block}<\/style>\t\t\t\t\t\t\t\t\t\t<img fetchpriority=\"high\" decoding=\"async\" width=\"300\" height=\"300\" src=\"https:\/\/www.allianceclimat.com\/wp-content\/uploads\/2024\/06\/p4-300x300.jpg\" class=\"attachment-medium size-medium wp-image-3114\" alt=\"\" srcset=\"https:\/\/www.allianceclimat.com\/wp-content\/uploads\/2024\/06\/p4-300x300.jpg 300w, https:\/\/www.allianceclimat.com\/wp-content\/uploads\/2024\/06\/p4-1024x1024.jpg 1024w, https:\/\/www.allianceclimat.com\/wp-content\/uploads\/2024\/06\/p4-150x150.jpg 150w, https:\/\/www.allianceclimat.com\/wp-content\/uploads\/2024\/06\/p4-768x768.jpg 768w, https:\/\/www.allianceclimat.com\/wp-content\/uploads\/2024\/06\/p4-1536x1536.jpg 1536w, https:\/\/www.allianceclimat.com\/wp-content\/uploads\/2024\/06\/p4-600x600.jpg 600w, https:\/\/www.allianceclimat.com\/wp-content\/uploads\/2024\/06\/p4-100x100.jpg 100w, https:\/\/www.allianceclimat.com\/wp-content\/uploads\/2024\/06\/p4.jpg 2000w\" sizes=\"(max-width: 300px) 100vw, 300px\" \/>\t\t\t\t\t\t\t\t\t\t\t\t\t<\/div>\n\t\t\t\t<\/div>\n\t\t\t\t<\/div>\n\t\t\t\t<div class=\"elementor-element elementor-element-21ef783 elementor-widget elementor-widget-spacer\" data-id=\"21ef783\" data-element_type=\"widget\" data-widget_type=\"spacer.default\">\n\t\t\t\t<div class=\"elementor-widget-container\">\n\t\t\t<style>\/*! elementor - v3.22.0 - 17-06-2024 *\/\n.elementor-column .elementor-spacer-inner{height:var(--spacer-size)}.e-con{--container-widget-width:100%}.e-con-inner>.elementor-widget-spacer,.e-con>.elementor-widget-spacer{width:var(--container-widget-width,var(--spacer-size));--align-self:var(--container-widget-align-self,initial);--flex-shrink:0}.e-con-inner>.elementor-widget-spacer>.elementor-widget-container,.e-con>.elementor-widget-spacer>.elementor-widget-container{height:100%;width:100%}.e-con-inner>.elementor-widget-spacer>.elementor-widget-container>.elementor-spacer,.e-con>.elementor-widget-spacer>.elementor-widget-container>.elementor-spacer{height:100%}.e-con-inner>.elementor-widget-spacer>.elementor-widget-container>.elementor-spacer>.elementor-spacer-inner,.e-con>.elementor-widget-spacer>.elementor-widget-container>.elementor-spacer>.elementor-spacer-inner{height:var(--container-widget-height,var(--spacer-size))}.e-con-inner>.elementor-widget-spacer.elementor-widget-empty,.e-con>.elementor-widget-spacer.elementor-widget-empty{position:relative;min-height:22px;min-width:22px}.e-con-inner>.elementor-widget-spacer.elementor-widget-empty .elementor-widget-empty-icon,.e-con>.elementor-widget-spacer.elementor-widget-empty .elementor-widget-empty-icon{position:absolute;top:0;bottom:0;left:0;right:0;margin:auto;padding:0;width:22px;height:22px}<\/style>\t\t<div class=\"elementor-spacer\">\n\t\t\t<div class=\"elementor-spacer-inner\"><\/div>\n\t\t<\/div>\n\t\t\t\t<\/div>\n\t\t\t\t<\/div>\n\t\t\t\t\t<\/div>\n\t\t\t\t<\/div>\n\t\t<div class=\"elementor-element elementor-element-cc34ce5 e-grid e-con-boxed e-con e-parent\" data-id=\"cc34ce5\" data-element_type=\"container\">\n\t\t\t\t\t<div class=\"e-con-inner\">\n\t\t<div class=\"elementor-element elementor-element-de28c5f e-con-full e-flex e-con e-child\" data-id=\"de28c5f\" data-element_type=\"container\" data-settings=\"{&quot;background_background&quot;:&quot;classic&quot;}\">\n\t\t\t\t<div class=\"elementor-element elementor-element-1a9203d elementor-widget elementor-widget-heading\" data-id=\"1a9203d\" data-element_type=\"widget\" data-widget_type=\"heading.default\">\n\t\t\t\t<div class=\"elementor-widget-container\">\n\t\t\t<style>\/*! elementor - v3.22.0 - 17-06-2024 *\/\n.elementor-heading-title{padding:0;margin:0;line-height:1}.elementor-widget-heading .elementor-heading-title[class*=elementor-size-]>a{color:inherit;font-size:inherit;line-height:inherit}.elementor-widget-heading .elementor-heading-title.elementor-size-small{font-size:15px}.elementor-widget-heading .elementor-heading-title.elementor-size-medium{font-size:19px}.elementor-widget-heading .elementor-heading-title.elementor-size-large{font-size:29px}.elementor-widget-heading .elementor-heading-title.elementor-size-xl{font-size:39px}.elementor-widget-heading .elementor-heading-title.elementor-size-xxl{font-size:59px}<\/style><h2 class=\"elementor-heading-title elementor-size-default\">Action Mobilisation des Financements<\/h2>\t\t<\/div>\n\t\t\t\t<\/div>\n\t\t\t\t<div class=\"elementor-element elementor-element-f535035 elementor-widget elementor-widget-text-editor\" data-id=\"f535035\" data-element_type=\"widget\" data-widget_type=\"text-editor.default\">\n\t\t\t\t<div class=\"elementor-widget-container\">\n\t\t\t\t\t\t\t<ul><li>Marathon \u00ab\u00a0Un pas pour l\u2019eau\u00a0\u00bb : chaque ann\u00e9e au mois de mars en France et dans d\u2019autres pays.<\/li><li>POS : semaine sportive dans certaines villes de chaque CER africaine, au mois de mars.<\/li><\/ul>\t\t\t\t\t\t<\/div>\n\t\t\t\t<\/div>\n\t\t\t\t<\/div>\n\t\t<div class=\"elementor-element elementor-element-1e348e1 e-con-full e-flex e-con e-child\" data-id=\"1e348e1\" data-element_type=\"container\" data-settings=\"{&quot;background_background&quot;:&quot;classic&quot;}\">\n\t\t\t\t<div class=\"elementor-element elementor-element-cd58d26 elementor-widget elementor-widget-heading\" data-id=\"cd58d26\" data-element_type=\"widget\" data-widget_type=\"heading.default\">\n\t\t\t\t<div class=\"elementor-widget-container\">\n\t\t\t<h2 class=\"elementor-heading-title elementor-size-default\">Action Acc\u00e8s \u00e0 l\u2019eau potable<\/h2>\t\t<\/div>\n\t\t\t\t<\/div>\n\t\t\t\t<div class=\"elementor-element elementor-element-fe02b65 elementor-widget elementor-widget-text-editor\" data-id=\"fe02b65\" data-element_type=\"widget\" data-widget_type=\"text-editor.default\">\n\t\t\t\t<div class=\"elementor-widget-container\">\n\t\t\t\t\t\t\t<ul><li>Forages dans des localit\u00e9s en fonction des besoins<\/li><li>POS : Une semaine d\u2019activit\u00e9s d\u2019assainissement dans certaines villes de chaque CER africaine, une fois par an.<\/li><\/ul>\t\t\t\t\t\t<\/div>\n\t\t\t\t<\/div>\n\t\t\t\t<\/div>\n\t\t<div class=\"elementor-element elementor-element-fd0bfd9 e-con-full e-flex e-con e-child\" data-id=\"fd0bfd9\" data-element_type=\"container\" data-settings=\"{&quot;background_background&quot;:&quot;classic&quot;}\">\n\t\t\t\t<div class=\"elementor-element elementor-element-7d8149f elementor-widget elementor-widget-heading\" data-id=\"7d8149f\" data-element_type=\"widget\" data-widget_type=\"heading.default\">\n\t\t\t\t<div class=\"elementor-widget-container\">\n\t\t\t<h2 class=\"elementor-heading-title elementor-size-default\">Contribution \u00e0 la R\u00e9partition Equitable de \u201dl\u2019eau Potable source de vie et resource du d\u00e9veloppement durable<\/h2>\t\t<\/div>\n\t\t\t\t<\/div>\n\t\t\t\t<div class=\"elementor-element elementor-element-0400bb0 elementor-widget elementor-widget-text-editor\" data-id=\"0400bb0\" data-element_type=\"widget\" data-widget_type=\"text-editor.default\">\n\t\t\t\t<div class=\"elementor-widget-container\">\n\t\t\t\t\t\t\t<ul><li>Organisation des ateliers locaux et animation des d\u00e9bats entre d\u00e9cideurs et usagers sur le plan local.<\/li><\/ul>\t\t\t\t\t\t<\/div>\n\t\t\t\t<\/div>\n\t\t\t\t<\/div>\n\t\t\t\t\t<\/div>\n\t\t\t\t<\/div>\n\t\t<div class=\"elementor-element elementor-element-e90725b e-flex e-con-boxed e-con e-parent\" data-id=\"e90725b\" data-element_type=\"container\">\n\t\t\t\t\t<div class=\"e-con-inner\">\n\t\t\t\t<div class=\"elementor-element elementor-element-85b18ef elementor-widget elementor-widget-html\" data-id=\"85b18ef\" data-element_type=\"widget\" data-widget_type=\"html.default\">\n\t\t\t\t<div class=\"elementor-widget-container\">\n\t\t\t<style>\n    .breadcroumb-area {\n    \/* padding: 150px 0; *\/\n    background-color: #348239;\n    padding-top: 200px;\n    padding-bottom: 60px;\n}\n<\/style>\t\t<\/div>\n\t\t\t\t<\/div>\n\t\t\t\t\t<\/div>\n\t\t\t\t<\/div>\n\t\t\t\t<\/div>\n\t\t","protected":false},"excerpt":{"rendered":"<p>Pour pallier \u00e0 la probl\u00e9matique d\u2019ins\u00e9curit\u00e9 en eau, l\u2019ALIC met en place 3 champs d\u2019action En 2023, l\u2019Institut de l\u2019Universit\u00e9 des Nations Unies pour l\u2019Eau, l\u2019Environnement et la Sant\u00e9 a \u00e9tabli que sur 7, 8 milliards habitants de la plan\u00e8te r\u00e9partis sur 186 pays, on en comptait environ 5, 2 milliards, soit 72% souffrant d\u2019ins\u00e9curit\u00e9 [&hellip;]<\/p>\n","protected":false},"author":1,"featured_media":0,"parent":0,"menu_order":0,"comment_status":"closed","ping_status":"closed","template":"","meta":{"footnotes":""},"class_list":["post-3471","page","type-page","status-publish","hentry"],"_links":{"self":[{"href":"https:\/\/www.allianceclimat.com\/index.php\/wp-json\/wp\/v2\/pages\/3471","targetHints":{"allow":["GET"]}}],"collection":[{"href":"https:\/\/www.allianceclimat.com\/index.php\/wp-json\/wp\/v2\/pages"}],"about":[{"href":"https:\/\/www.allianceclimat.com\/index.php\/wp-json\/wp\/v2\/types\/page"}],"author":[{"embeddable":true,"href":"https:\/\/www.allianceclimat.com\/index.php\/wp-json\/wp\/v2\/users\/1"}],"replies":[{"embeddable":true,"href":"https:\/\/www.allianceclimat.com\/index.php\/wp-json\/wp\/v2\/comments?post=3471"}],"version-history":[{"count":14,"href":"https:\/\/www.allianceclimat.com\/index.php\/wp-json\/wp\/v2\/pages\/3471\/revisions"}],"predecessor-version":[{"id":3667,"href":"https:\/\/www.allianceclimat.com\/index.php\/wp-json\/wp\/v2\/pages\/3471\/revisions\/3667"}],"wp:attachment":[{"href":"https:\/\/www.allianceclimat.com\/index.php\/wp-json\/wp\/v2\/media?parent=3471"}],"curies":[{"name":"wp","href":"https:\/\/api.w.org\/{rel}","templated":true}]}}