{"id":3455,"date":"2024-11-23T21:36:13","date_gmt":"2024-11-23T20:36:13","guid":{"rendered":"https:\/\/www.allianceclimat.com\/?page_id=3455"},"modified":"2024-12-14T18:27:51","modified_gmt":"2024-12-14T17:27:51","slug":"plan-daction-strategique-2025-2027-horizon-2030","status":"publish","type":"page","link":"https:\/\/www.allianceclimat.com\/index.php\/plan-daction-strategique-2025-2027-horizon-2030\/","title":{"rendered":"Plan d&rsquo;action strategique 2025-2027-Horizon 2030"},"content":{"rendered":"\t\t<div data-elementor-type=\"wp-page\" data-elementor-id=\"3455\" class=\"elementor elementor-3455\">\n\t\t\t\t<div class=\"elementor-element elementor-element-1b73439 elementor-hidden-desktop e-flex e-con-boxed e-con e-parent\" data-id=\"1b73439\" data-element_type=\"container\">\n\t\t\t\t\t<div class=\"e-con-inner\">\n\t\t\t\t<div class=\"elementor-element elementor-element-8d8237e elementor-widget elementor-widget-image\" data-id=\"8d8237e\" data-element_type=\"widget\" data-widget_type=\"image.default\">\n\t\t\t\t<div class=\"elementor-widget-container\">\n\t\t\t<style>\/*! elementor - v3.22.0 - 17-06-2024 *\/\n.elementor-widget-image{text-align:center}.elementor-widget-image a{display:inline-block}.elementor-widget-image a img[src$=\".svg\"]{width:48px}.elementor-widget-image img{vertical-align:middle;display:inline-block}<\/style>\t\t\t\t\t\t\t\t\t\t<img fetchpriority=\"high\" decoding=\"async\" width=\"640\" height=\"427\" src=\"https:\/\/www.allianceclimat.com\/wp-content\/uploads\/2024\/11\/man-protesting-because-global-warming_l-1024x683.jpg\" class=\"attachment-large size-large wp-image-3463\" alt=\"\" srcset=\"https:\/\/www.allianceclimat.com\/wp-content\/uploads\/2024\/11\/man-protesting-because-global-warming_l-1024x683.jpg 1024w, https:\/\/www.allianceclimat.com\/wp-content\/uploads\/2024\/11\/man-protesting-because-global-warming_l-300x200.jpg 300w, https:\/\/www.allianceclimat.com\/wp-content\/uploads\/2024\/11\/man-protesting-because-global-warming_l-768x512.jpg 768w, https:\/\/www.allianceclimat.com\/wp-content\/uploads\/2024\/11\/man-protesting-because-global-warming_l-1536x1025.jpg 1536w, https:\/\/www.allianceclimat.com\/wp-content\/uploads\/2024\/11\/man-protesting-because-global-warming_l-600x400.jpg 600w, https:\/\/www.allianceclimat.com\/wp-content\/uploads\/2024\/11\/man-protesting-because-global-warming_l.jpg 1590w\" sizes=\"(max-width: 640px) 100vw, 640px\" \/>\t\t\t\t\t\t\t\t\t\t\t\t\t<\/div>\n\t\t\t\t<\/div>\n\t\t\t\t\t<\/div>\n\t\t\t\t<\/div>\n\t\t<div class=\"elementor-element elementor-element-48e6752 e-grid elementor-hidden-tablet elementor-hidden-mobile e-con-boxed e-con e-parent\" data-id=\"48e6752\" data-element_type=\"container\">\n\t\t\t\t\t<div class=\"e-con-inner\">\n\t\t<div class=\"elementor-element elementor-element-f93be3d e-con-full e-flex e-con e-child\" data-id=\"f93be3d\" data-element_type=\"container\">\n\t\t\t\t<div class=\"elementor-element elementor-element-627f254 elementor-widget elementor-widget-heading\" data-id=\"627f254\" data-element_type=\"widget\" data-widget_type=\"heading.default\">\n\t\t\t\t<div class=\"elementor-widget-container\">\n\t\t\t<style>\/*! elementor - v3.22.0 - 17-06-2024 *\/\n.elementor-heading-title{padding:0;margin:0;line-height:1}.elementor-widget-heading .elementor-heading-title[class*=elementor-size-]>a{color:inherit;font-size:inherit;line-height:inherit}.elementor-widget-heading .elementor-heading-title.elementor-size-small{font-size:15px}.elementor-widget-heading .elementor-heading-title.elementor-size-medium{font-size:19px}.elementor-widget-heading .elementor-heading-title.elementor-size-large{font-size:29px}.elementor-widget-heading .elementor-heading-title.elementor-size-xl{font-size:39px}.elementor-widget-heading .elementor-heading-title.elementor-size-xxl{font-size:59px}<\/style><h2 class=\"elementor-heading-title elementor-size-default\">Que faire\u2026 face aux changements climatiques ?<\/h2>\t\t<\/div>\n\t\t\t\t<\/div>\n\t\t\t\t<div class=\"elementor-element elementor-element-ae1a04f elementor-widget elementor-widget-text-editor\" data-id=\"ae1a04f\" data-element_type=\"widget\" data-widget_type=\"text-editor.default\">\n\t\t\t\t<div class=\"elementor-widget-container\">\n\t\t\t<style>\/*! elementor - v3.22.0 - 17-06-2024 *\/\n.elementor-widget-text-editor.elementor-drop-cap-view-stacked .elementor-drop-cap{background-color:#69727d;color:#fff}.elementor-widget-text-editor.elementor-drop-cap-view-framed .elementor-drop-cap{color:#69727d;border:3px solid;background-color:transparent}.elementor-widget-text-editor:not(.elementor-drop-cap-view-default) .elementor-drop-cap{margin-top:8px}.elementor-widget-text-editor:not(.elementor-drop-cap-view-default) .elementor-drop-cap-letter{width:1em;height:1em}.elementor-widget-text-editor .elementor-drop-cap{float:left;text-align:center;line-height:1;font-size:50px}.elementor-widget-text-editor .elementor-drop-cap-letter{display:inline-block}<\/style>\t\t\t\t<p>Promouvoir le comportement coop\u00e9ratif et positif des Terriens -hommes et femmes -, face a\u0300 ce bien commun, ce bien public mondial, qu\u2019est le climat : voil\u00e0\u0300 ce qui justifie, en 2024, l\u2019engagement&#8230; et des engagements.<\/p><p>Pour un climat vivable localement et une vie saine durablement : tel est le sens de l\u2019engagement de l\u2019ALLIANCE INTERNATIONALE POUR LE CLIMAT (ALIC).<\/p><p>Dans cette optique, la Vision Strat\u00e9gique et Plan d\u2019Action 2025- 2027- Horizon 2030, pr\u00e9sente les engagements qu\u2019a pris et que prendra l\u2019ALIC en tant qu\u2019Organisation Non Gouvernementale Internationale (ONGI) et donc, en tant qu\u2019acteur a\u0300 vocation strat\u00e9gique au sein de la soci\u00e9t\u00e9\u0301 civile internationale.<\/p>\t\t\t\t\t\t<\/div>\n\t\t\t\t<\/div>\n\t\t\t\t<\/div>\n\t\t\t\t<div class=\"elementor-element elementor-element-66453f6 elementor-widget elementor-widget-image\" data-id=\"66453f6\" data-element_type=\"widget\" data-widget_type=\"image.default\">\n\t\t\t\t<div class=\"elementor-widget-container\">\n\t\t\t\t\t\t\t\t\t\t\t\t\t<img fetchpriority=\"high\" decoding=\"async\" width=\"640\" height=\"427\" src=\"https:\/\/www.allianceclimat.com\/wp-content\/uploads\/2024\/11\/man-protesting-because-global-warming_l-1024x683.jpg\" class=\"attachment-large size-large wp-image-3463\" alt=\"\" srcset=\"https:\/\/www.allianceclimat.com\/wp-content\/uploads\/2024\/11\/man-protesting-because-global-warming_l-1024x683.jpg 1024w, https:\/\/www.allianceclimat.com\/wp-content\/uploads\/2024\/11\/man-protesting-because-global-warming_l-300x200.jpg 300w, https:\/\/www.allianceclimat.com\/wp-content\/uploads\/2024\/11\/man-protesting-because-global-warming_l-768x512.jpg 768w, https:\/\/www.allianceclimat.com\/wp-content\/uploads\/2024\/11\/man-protesting-because-global-warming_l-1536x1025.jpg 1536w, https:\/\/www.allianceclimat.com\/wp-content\/uploads\/2024\/11\/man-protesting-because-global-warming_l-600x400.jpg 600w, https:\/\/www.allianceclimat.com\/wp-content\/uploads\/2024\/11\/man-protesting-because-global-warming_l.jpg 1590w\" sizes=\"(max-width: 640px) 100vw, 640px\" \/>\t\t\t\t\t\t\t\t\t\t\t\t\t<\/div>\n\t\t\t\t<\/div>\n\t\t\t\t\t<\/div>\n\t\t\t\t<\/div>\n\t\t<div class=\"elementor-element elementor-element-247be7a elementor-hidden-tablet elementor-hidden-mobile e-flex e-con-boxed e-con e-parent\" data-id=\"247be7a\" data-element_type=\"container\">\n\t\t\t\t\t<div class=\"e-con-inner\">\n\t\t\t\t<div class=\"elementor-element elementor-element-3ea6739 elementor-widget elementor-widget-text-editor\" data-id=\"3ea6739\" data-element_type=\"widget\" data-widget_type=\"text-editor.default\">\n\t\t\t\t<div class=\"elementor-widget-container\">\n\t\t\t\t\t\t\t<p>L\u2019histoire retiendra l\u2019ann\u00e9e 2025, celle du 10e\u0300me anniversaire de l\u2019Accord de Paris sur le Climat (CCNUCCC, 2015). Ce rapport a marque\u0301 une \u00e9tape d\u00e9cisive dans le cadre du suivi de la Convention-Cadre des Nations Unies sur les Changements Climatiques (CCNUCCC) adopt\u00e9e lors du Sommet de la Terre, a\u0300 Rio de Janeiro, en 1992.<\/p>\t\t\t\t\t\t<\/div>\n\t\t\t\t<\/div>\n\t\t\t\t<div class=\"elementor-element elementor-element-cae284c elementor-widget elementor-widget-text-editor\" data-id=\"cae284c\" data-element_type=\"widget\" data-widget_type=\"text-editor.default\">\n\t\t\t\t<div class=\"elementor-widget-container\">\n\t\t\t\t\t\t\t<ul><li>En mars 2024, le Secr\u00e9taire General de l\u2019ONU, Antonio Guterres a sonn\u00e9\u0301 l\u2019alerte dix ans apr\u00e8s le rapport du GIEC de 2014, comme pour dire que le sc\u00e9nario du pire pr\u00e9vaut plus que jamais. \u00ab Tous les indicateurs sont en alerte&#8230; Certaines donn\u00e9es ne battent plus des records, elles explosent ! Et les changements ne cessent de s\u2019acc\u00e9l\u00e9rer \u00bb, ainsi s\u2019est-il exprime\u0301, a\u0300 la lecture de la publication de l\u2019Organisation M\u00e9t\u00e9orologique Mondiale (OMM) intitul\u00e9e Rapport sur l\u2019\u00e9tat mondial du climat en 2023.<\/li><li>Que faire durant la p\u00e9riode 2025- 2030, alors qu\u2019\u00e0 l\u2019aube de cette p\u00e9riode, l\u2019\u00e9tat du climat dans le monde et en Afrique justifie des alertes sans pr\u00e9c\u00e9dent\u00a0? Le \u00ab\u00a0Que faire\u00a0\u00bb de l\u2019ALIC repose sur une vision que r\u00e9sume la formule suivante\u00a0:\u00a0<strong><em>Pour un climat vivable localement et une vie saine durablement<\/em><\/strong>.<\/li><\/ul>\t\t\t\t\t\t<\/div>\n\t\t\t\t<\/div>\n\t\t\t\t<div class=\"elementor-element elementor-element-a988167 elementor-widget elementor-widget-spacer\" data-id=\"a988167\" data-element_type=\"widget\" data-widget_type=\"spacer.default\">\n\t\t\t\t<div class=\"elementor-widget-container\">\n\t\t\t<style>\/*! elementor - v3.22.0 - 17-06-2024 *\/\n.elementor-column .elementor-spacer-inner{height:var(--spacer-size)}.e-con{--container-widget-width:100%}.e-con-inner>.elementor-widget-spacer,.e-con>.elementor-widget-spacer{width:var(--container-widget-width,var(--spacer-size));--align-self:var(--container-widget-align-self,initial);--flex-shrink:0}.e-con-inner>.elementor-widget-spacer>.elementor-widget-container,.e-con>.elementor-widget-spacer>.elementor-widget-container{height:100%;width:100%}.e-con-inner>.elementor-widget-spacer>.elementor-widget-container>.elementor-spacer,.e-con>.elementor-widget-spacer>.elementor-widget-container>.elementor-spacer{height:100%}.e-con-inner>.elementor-widget-spacer>.elementor-widget-container>.elementor-spacer>.elementor-spacer-inner,.e-con>.elementor-widget-spacer>.elementor-widget-container>.elementor-spacer>.elementor-spacer-inner{height:var(--container-widget-height,var(--spacer-size))}.e-con-inner>.elementor-widget-spacer.elementor-widget-empty,.e-con>.elementor-widget-spacer.elementor-widget-empty{position:relative;min-height:22px;min-width:22px}.e-con-inner>.elementor-widget-spacer.elementor-widget-empty .elementor-widget-empty-icon,.e-con>.elementor-widget-spacer.elementor-widget-empty .elementor-widget-empty-icon{position:absolute;top:0;bottom:0;left:0;right:0;margin:auto;padding:0;width:22px;height:22px}<\/style>\t\t<div class=\"elementor-spacer\">\n\t\t\t<div class=\"elementor-spacer-inner\"><\/div>\n\t\t<\/div>\n\t\t\t\t<\/div>\n\t\t\t\t<\/div>\n\t\t\t\t\t<\/div>\n\t\t\t\t<\/div>\n\t\t<div class=\"elementor-element elementor-element-19154d8 e-flex e-con-boxed e-con e-parent\" data-id=\"19154d8\" data-element_type=\"container\">\n\t\t\t\t\t<div class=\"e-con-inner\">\n\t\t\t\t<div class=\"elementor-element elementor-element-6bf4a77 elementor-hidden-desktop elementor-widget elementor-widget-heading\" data-id=\"6bf4a77\" data-element_type=\"widget\" data-widget_type=\"heading.default\">\n\t\t\t\t<div class=\"elementor-widget-container\">\n\t\t\t<h2 class=\"elementor-heading-title elementor-size-default\">Que faire\u2026 face aux changements climatiques ?<\/h2>\t\t<\/div>\n\t\t\t\t<\/div>\n\t\t\t\t<div class=\"elementor-element elementor-element-be384de elementor-hidden-desktop elementor-widget elementor-widget-text-editor\" data-id=\"be384de\" data-element_type=\"widget\" data-widget_type=\"text-editor.default\">\n\t\t\t\t<div class=\"elementor-widget-container\">\n\t\t\t\t\t\t\t<p>Promouvoir le comportement coop\u00e9ratif et positif des Terriens -hommes et femmes -, face a\u0300 ce bien commun, ce bien public mondial, qu\u2019est le climat : voil\u00e0\u0300 ce qui justifie, en 2024, l\u2019engagement&#8230; et des engagements.<\/p><p>Pour un climat vivable localement et une vie saine durablement : tel est le sens de l\u2019engagement de l\u2019ALLIANCE INTERNATIONALE POUR LE CLIMAT (ALIC).<\/p><p>Dans cette optique, la Vision Strat\u00e9gique et Plan d\u2019Action 2025- 2027- Horizon 2030, pr\u00e9sente les engagements qu\u2019a pris et que prendra l\u2019ALIC en tant qu\u2019Organisation Non Gouvernementale Internationale (ONGI) et donc, en tant qu\u2019acteur a\u0300 vocation strat\u00e9gique au sein de la soci\u00e9t\u00e9\u0301 civile internationale.<\/p><p>L\u2019histoire retiendra l\u2019ann\u00e9e 2025, celle du 10e\u0300me anniversaire de l\u2019Accord de Paris sur le Climat (CCNUCCC, 2015). Ce rapport a marque\u0301 une \u00e9tape d\u00e9cisive dans le cadre du suivi de la Convention-Cadre des Nations Unies sur les Changements Climatiques (CCNUCCC) adopt\u00e9e lors du Sommet de la Terre, a\u0300 Rio de Janeiro, en 1992.<\/p><ul><li>En mars 2024, le Secr\u00e9taire General de l\u2019ONU, Antonio Guterres a sonn\u00e9\u0301 l\u2019alerte dix ans apr\u00e8s le rapport du GIEC de 2014, comme pour dire que le sc\u00e9nario du pire pr\u00e9vaut plus que jamais. \u00ab Tous les indicateurs sont en alerte&#8230; Certaines donn\u00e9es ne battent plus des records, elles explosent ! Et les changements ne cessent de s\u2019acc\u00e9l\u00e9rer \u00bb, ainsi s\u2019est-il exprime\u0301, a\u0300 la lecture de la publication de l\u2019Organisation M\u00e9t\u00e9orologique Mondiale (OMM) intitul\u00e9e Rapport sur l\u2019\u00e9tat mondial du climat en 2023.<\/li><\/ul><ul><li>Que faire durant la p\u00e9riode 2025- 2030, alors qu\u2019\u00e0 l\u2019aube de cette p\u00e9riode, l\u2019\u00e9tat du climat dans le monde et en Afrique justifie des alertes sans pr\u00e9c\u00e9dent\u00a0? Le \u00ab\u00a0Que faire\u00a0\u00bb de l\u2019ALIC repose sur une vision que r\u00e9sume la formule suivante\u00a0:\u00a0<strong><em>Pour un climat vivable localement et une vie saine durablement<\/em><\/strong>.<\/li><\/ul>\t\t\t\t\t\t<\/div>\n\t\t\t\t<\/div>\n\t\t\t\t<div class=\"elementor-element elementor-element-bcd07ba elementor-hidden-desktop elementor-widget elementor-widget-spacer\" data-id=\"bcd07ba\" data-element_type=\"widget\" data-widget_type=\"spacer.default\">\n\t\t\t\t<div class=\"elementor-widget-container\">\n\t\t\t\t\t<div class=\"elementor-spacer\">\n\t\t\t<div class=\"elementor-spacer-inner\"><\/div>\n\t\t<\/div>\n\t\t\t\t<\/div>\n\t\t\t\t<\/div>\n\t\t\t\t<div class=\"elementor-element elementor-element-5e509b7 elementor-widget elementor-widget-heading\" data-id=\"5e509b7\" data-element_type=\"widget\" data-widget_type=\"heading.default\">\n\t\t\t\t<div class=\"elementor-widget-container\">\n\t\t\t<h2 class=\"elementor-heading-title elementor-size-default\">01 - La r\u00e9ponse de l\u2019ALIC : Cinq Programmes Op\u00e9rationnels Structurants (POS)<\/h2>\t\t<\/div>\n\t\t\t\t<\/div>\n\t\t\t\t<div class=\"elementor-element elementor-element-335c297 elementor-widget elementor-widget-text-editor\" data-id=\"335c297\" data-element_type=\"widget\" data-widget_type=\"text-editor.default\">\n\t\t\t\t<div class=\"elementor-widget-container\">\n\t\t\t\t\t\t\t<p>\u00c0 partir de 2025, 10\u00e8me anniversaire de l\u2019Accord de Paris sur le Climat, l\u2019ALIC se donne la mission de r\u00e9aliser cinq POS chaque ann\u00e9e jusqu\u2019en 2030 (ann\u00e9e de la fin de l\u2019agenda 2030 + Exposition universelle d\u2019Abu Dhabi, en Arabie Saoudite).<\/p>\t\t\t\t\t\t<\/div>\n\t\t\t\t<\/div>\n\t\t\t\t<div class=\"elementor-element elementor-element-1e56c43 elementor-widget elementor-widget-text-editor\" data-id=\"1e56c43\" data-element_type=\"widget\" data-widget_type=\"text-editor.default\">\n\t\t\t\t<div class=\"elementor-widget-container\">\n\t\t\t\t\t\t\t<ul><li>Le POS \u00ab\u00a0SEMAINE SPORT VERT \u2013 BLEU-CLIMAT\u00a0\u00bb &#8211; DANS LES VILLES<\/li><li>Le POS ATELIERS CLIMAT LOCAUX<\/li><li>LE POS \u00ab\u00a0SEMAINE PAN-AFRICA SAINE\u00a0\u00bb, \u00e0 partir de la journ\u00e9e de l\u2019Afrique, le 25 mai avec l\u2019UA et les CER<\/li><li>LE POS \u00ab\u00a0CAMPUS ANNUEL JEUNES, ELITES, CLIMAT<\/li><li>LE POS \u00ab\u00a0FOIRES LOCALES ENTREPRISES \u2013 ECOLES \u2013 ODD PORTES OUVERTES\u00a0\u00bb<\/li><\/ul>\t\t\t\t\t\t<\/div>\n\t\t\t\t<\/div>\n\t\t\t\t<div class=\"elementor-element elementor-element-9e8b731 elementor-widget elementor-widget-heading\" data-id=\"9e8b731\" data-element_type=\"widget\" data-widget_type=\"heading.default\">\n\t\t\t\t<div class=\"elementor-widget-container\">\n\t\t\t<h2 class=\"elementor-heading-title elementor-size-default\">02 - Une nouvelle m\u00e9thodologie d\u2019empowerment <\/h2>\t\t<\/div>\n\t\t\t\t<\/div>\n\t\t\t\t<div class=\"elementor-element elementor-element-8f41673 elementor-widget elementor-widget-text-editor\" data-id=\"8f41673\" data-element_type=\"widget\" data-widget_type=\"text-editor.default\">\n\t\t\t\t<div class=\"elementor-widget-container\">\n\t\t\t\t\t\t\t<p>La mise en \u0153uvre des POS de l\u2019 ALIC n\u00e9cessite une m\u00e9thodologie bas\u00e9e sur un paradigme d\u2019empowerment qui implique la ma\u00eetrise des capacit\u00e9s individuelles et collectives assurant trois pouvoirs.<\/p>\t\t\t\t\t\t<\/div>\n\t\t\t\t<\/div>\n\t\t\t\t<div class=\"elementor-element elementor-element-c319769 elementor-widget elementor-widget-text-editor\" data-id=\"c319769\" data-element_type=\"widget\" data-widget_type=\"text-editor.default\">\n\t\t\t\t<div class=\"elementor-widget-container\">\n\t\t\t\t\t\t\t<ul><li>Le pouvoir du diptyque citoyennet\u00e9 \u2013 humanisme universel <i>Ubuntu<\/i><\/li><li>Le pouvoir du diptyque conscience historique &#8211; conscience \u00e9cologique<\/li><li>Le pouvoir du <u>triptyque<\/u> travail humain \u2013 innovation \u2013 durabilit\u00e9 environnementale<\/li><\/ul>\t\t\t\t\t\t<\/div>\n\t\t\t\t<\/div>\n\t\t\t\t<div class=\"elementor-element elementor-element-d812000 elementor-widget elementor-widget-heading\" data-id=\"d812000\" data-element_type=\"widget\" data-widget_type=\"heading.default\">\n\t\t\t\t<div class=\"elementor-widget-container\">\n\t\t\t<h2 class=\"elementor-heading-title elementor-size-default\">03 - Les Partenariats Strat\u00e9giques \n<\/h2>\t\t<\/div>\n\t\t\t\t<\/div>\n\t\t\t\t<div class=\"elementor-element elementor-element-4432d1c elementor-widget elementor-widget-text-editor\" data-id=\"4432d1c\" data-element_type=\"widget\" data-widget_type=\"text-editor.default\">\n\t\t\t\t<div class=\"elementor-widget-container\">\n\t\t\t\t\t\t\t<p>L\u2019 ALIC propose de construire les partenariats strat\u00e9giques sur la base d\u2019un nouveau principe de coop\u00e9ration dans le domaine du bien public mondial qu\u2019est le climat, au-del\u00e0 des conjonctures g\u00e9opolitiques. Il s\u2019agit du nouveau principe suivant, qui est humaniste et universaliste\u00a0: <b><i>\u00ab\u00a0Penser et agir humainement, le mondial et le local interagissant \u00bb<\/i><\/b><i>.<\/i><\/p>\t\t\t\t\t\t<\/div>\n\t\t\t\t<\/div>\n\t\t\t\t<div class=\"elementor-element elementor-element-f687406 elementor-widget elementor-widget-text-editor\" data-id=\"f687406\" data-element_type=\"widget\" data-widget_type=\"text-editor.default\">\n\t\t\t\t<div class=\"elementor-widget-container\">\n\t\t\t\t\t\t\t<ul><li>Les Etats<\/li><li>Les collectivit\u00e9s locales<\/li><li>Les organisations internationales du syst\u00e8me des Nations Unies et autres telles que la Francophonie, les organisations du syst\u00e8me de l\u2019Union Africaine, les organisations des syst\u00e8mes d\u2019int\u00e9gration r\u00e9gionale sur les autres continents (Union Europ\u00e9enne, Pays du Golfe Persique, Continent am\u00e9ricain et Cara\u00efbes)<\/li><\/ul>\t\t\t\t\t\t<\/div>\n\t\t\t\t<\/div>\n\t\t\t\t<div class=\"elementor-element elementor-element-1a85494 elementor-widget elementor-widget-spacer\" data-id=\"1a85494\" data-element_type=\"widget\" data-widget_type=\"spacer.default\">\n\t\t\t\t<div class=\"elementor-widget-container\">\n\t\t\t\t\t<div class=\"elementor-spacer\">\n\t\t\t<div class=\"elementor-spacer-inner\"><\/div>\n\t\t<\/div>\n\t\t\t\t<\/div>\n\t\t\t\t<\/div>\n\t\t\t\t\t<\/div>\n\t\t\t\t<\/div>\n\t\t<div class=\"elementor-element elementor-element-4ae9245 e-flex e-con-boxed e-con e-parent\" data-id=\"4ae9245\" data-element_type=\"container\">\n\t\t\t\t\t<div class=\"e-con-inner\">\n\t\t\t\t<div class=\"elementor-element elementor-element-82ea44d elementor-widget elementor-widget-html\" data-id=\"82ea44d\" data-element_type=\"widget\" data-widget_type=\"html.default\">\n\t\t\t\t<div class=\"elementor-widget-container\">\n\t\t\t<style>\n\/*div.elementor-element.elementor-element-ae1a04f.elementor-widget.elementor-widget-text-editor{\n    top: -75%;\n}*\/\n\t\t\t\t\n\t    .breadcroumb-area {\n    \/* padding: 150px 0; *\/\n    background-color: #348239;\n    padding-top: 200px;\n    padding-bottom: 60px;\n}\t\t\t\t\t\t\n<\/style>\t\t<\/div>\n\t\t\t\t<\/div>\n\t\t\t\t\t<\/div>\n\t\t\t\t<\/div>\n\t\t\t\t<\/div>\n\t\t","protected":false},"excerpt":{"rendered":"<p>Que faire\u2026 face aux changements climatiques ? Promouvoir le comportement coop\u00e9ratif et positif des Terriens -hommes et femmes -, face a\u0300 ce bien commun, ce bien public mondial, qu\u2019est le climat : voil\u00e0\u0300 ce qui justifie, en 2024, l\u2019engagement&#8230; et des engagements. Pour un climat vivable localement et une vie saine durablement : tel est [&hellip;]<\/p>\n","protected":false},"author":1,"featured_media":0,"parent":0,"menu_order":0,"comment_status":"closed","ping_status":"closed","template":"","meta":{"footnotes":""},"class_list":["post-3455","page","type-page","status-publish","hentry"],"_links":{"self":[{"href":"https:\/\/www.allianceclimat.com\/index.php\/wp-json\/wp\/v2\/pages\/3455","targetHints":{"allow":["GET"]}}],"collection":[{"href":"https:\/\/www.allianceclimat.com\/index.php\/wp-json\/wp\/v2\/pages"}],"about":[{"href":"https:\/\/www.allianceclimat.com\/index.php\/wp-json\/wp\/v2\/types\/page"}],"author":[{"embeddable":true,"href":"https:\/\/www.allianceclimat.com\/index.php\/wp-json\/wp\/v2\/users\/1"}],"replies":[{"embeddable":true,"href":"https:\/\/www.allianceclimat.com\/index.php\/wp-json\/wp\/v2\/comments?post=3455"}],"version-history":[{"count":15,"href":"https:\/\/www.allianceclimat.com\/index.php\/wp-json\/wp\/v2\/pages\/3455\/revisions"}],"predecessor-version":[{"id":3662,"href":"https:\/\/www.allianceclimat.com\/index.php\/wp-json\/wp\/v2\/pages\/3455\/revisions\/3662"}],"wp:attachment":[{"href":"https:\/\/www.allianceclimat.com\/index.php\/wp-json\/wp\/v2\/media?parent=3455"}],"curies":[{"name":"wp","href":"https:\/\/api.w.org\/{rel}","templated":true}]}}