{"id":1392,"date":"2021-12-03T19:57:15","date_gmt":"2021-12-03T19:57:15","guid":{"rendered":"https:\/\/wptf.themepul.com\/ecolar\/?page_id=1392"},"modified":"2024-12-01T15:16:25","modified_gmt":"2024-12-01T14:16:25","slug":"blog","status":"publish","type":"page","link":"https:\/\/www.allianceclimat.com\/index.php\/blog\/","title":{"rendered":"Blog"},"content":{"rendered":"\t\t<div data-elementor-type=\"wp-page\" data-elementor-id=\"1392\" class=\"elementor elementor-1392\">\n\t\t\t\t<div class=\"elementor-element elementor-element-6657470 e-flex e-con-boxed e-con e-parent\" data-id=\"6657470\" data-element_type=\"container\">\n\t\t\t\t\t<div class=\"e-con-inner\">\n\t\t\t\t<div class=\"elementor-element elementor-element-5fdbf40 elementor-widget elementor-widget-ecolar_blog\" data-id=\"5fdbf40\" data-element_type=\"widget\" data-widget_type=\"ecolar_blog.default\">\n\t\t\t\t<div class=\"elementor-widget-container\">\n\t\t\t        <div class=\"ecolar-blog-post-wrapper blog-style-one\">\r\n            <div class=\"ecolar-blog-post-box\">\r\n                <div class=\"row \">\r\n                                        <div class=\"col-12 col-sm-12 col-md-6 col-lg-6\">\r\n                        <div class=\"ecolar-blog-post-item\">\r\n                            <div class=\"ecolar-blog-post-img\">\r\n                                                                <img fetchpriority=\"high\" decoding=\"async\" width=\"1290\" height=\"800\" src=\"https:\/\/www.allianceclimat.com\/wp-content\/uploads\/2024\/12\/540595793.jpg\" class=\"img-responsive wp-post-image\" alt=\"\" srcset=\"https:\/\/www.allianceclimat.com\/wp-content\/uploads\/2024\/12\/540595793.jpg 1290w, https:\/\/www.allianceclimat.com\/wp-content\/uploads\/2024\/12\/540595793-300x186.jpg 300w, https:\/\/www.allianceclimat.com\/wp-content\/uploads\/2024\/12\/540595793-1024x635.jpg 1024w, https:\/\/www.allianceclimat.com\/wp-content\/uploads\/2024\/12\/540595793-768x476.jpg 768w, https:\/\/www.allianceclimat.com\/wp-content\/uploads\/2024\/12\/540595793-600x372.jpg 600w\" sizes=\"(max-width: 1290px) 100vw, 1290px\" \/>                                                                <div class=\"ecolar-blog-post-content\">\r\n                                                                        <div class=\"post-meta-item\">\r\n                                        <ul>\r\n                                                                                                                                        <li class=\"post-comment\"><i class=\"fas fa-comment\"><\/i> <span>Commentaires ferm\u00e9s<span class=\"screen-reader-text\"> sur L\u2019Alliance Internationale pour le Climat (ALIC) au Climat Lib\u00e9 Tour<\/span><\/span><\/li>\r\n                                                                                                                                                                                                                                                    <\/ul>\r\n                                    <\/div>\r\n                                                                        <div class=\"ecolar-blog-post-title\">\r\n                                        <a href=\"https:\/\/www.allianceclimat.com\/index.php\/2024\/12\/07\/lalliance-internationale-pour-le-climat-alic-au-climat-libe-tour\/\">L\u2019Alliance Internationale pour le Climat (ALIC) au Climat Lib\u00e9 Tour<\/a>\r\n                                    <\/div>\r\n                                    <div class=\"ecolar-post-dec\">\r\n                                        <P>L\u2019Alliance Internationale pour le Climat (ALIC) au Climat Lib\u00e9 Tour : Retour sur un \u00e9v\u00e9nement sous le signe de l\u2019\u00e9cologie populaire et inclusive Dans\u2026<\/P>\r\n                                    <\/div>\r\n                                <\/div>\r\n                            <\/div>\r\n                        <\/div>\r\n                    <\/div>\r\n                                        <div class=\"col-12 col-sm-12 col-md-6 col-lg-6\">\r\n                        <div class=\"ecolar-blog-post-item\">\r\n                            <div class=\"ecolar-blog-post-img\">\r\n                                                                <img decoding=\"async\" width=\"850\" height=\"476\" src=\"https:\/\/www.allianceclimat.com\/wp-content\/uploads\/2024\/12\/air-pollution-g3b92f4806_1920.jpg\" class=\"img-responsive wp-post-image\" alt=\"\" srcset=\"https:\/\/www.allianceclimat.com\/wp-content\/uploads\/2024\/12\/air-pollution-g3b92f4806_1920.jpg 850w, https:\/\/www.allianceclimat.com\/wp-content\/uploads\/2024\/12\/air-pollution-g3b92f4806_1920-300x168.jpg 300w, https:\/\/www.allianceclimat.com\/wp-content\/uploads\/2024\/12\/air-pollution-g3b92f4806_1920-768x430.jpg 768w, https:\/\/www.allianceclimat.com\/wp-content\/uploads\/2024\/12\/air-pollution-g3b92f4806_1920-600x336.jpg 600w\" sizes=\"(max-width: 850px) 100vw, 850px\" \/>                                                                <div class=\"ecolar-blog-post-content\">\r\n                                                                        <div class=\"post-meta-item\">\r\n                                        <ul>\r\n                                                                                                                                        <li class=\"post-comment\"><i class=\"fas fa-comment\"><\/i> <span>Commentaires ferm\u00e9s<span class=\"screen-reader-text\"> sur Les multiples impacts du\u00a0r\u00e9chauffement climatique sur la\u00a0sant\u00e9 humaine<\/span><\/span><\/li>\r\n                                                                                                                                                                                                                                                    <\/ul>\r\n                                    <\/div>\r\n                                                                        <div class=\"ecolar-blog-post-title\">\r\n                                        <a href=\"https:\/\/www.allianceclimat.com\/index.php\/2024\/12\/01\/les-multiples-impacts-du-rechauffement-climatique-sur-la-sante-humaine\/\">Les multiples impacts du\u00a0r\u00e9chauffement climatique sur la\u00a0sant\u00e9 humaine<\/a>\r\n                                    <\/div>\r\n                                    <div class=\"ecolar-post-dec\">\r\n                                        <P>La mortalit\u00e9 li\u00e9e \u00e0 la chaleur a augment\u00e9 de\u00a068\u00a0% entre\u00a02017 et\u00a02021 par rapport \u00e0 la p\u00e9riode 2000-2004, selon un rapport du \u00ab\u00a0Lancet\u00a0\u00bb publi\u00e9 mercredi.\u2026<\/P>\r\n                                    <\/div>\r\n                                <\/div>\r\n                            <\/div>\r\n                        <\/div>\r\n                    <\/div>\r\n                                        <div class=\"col-12 col-sm-12 col-md-6 col-lg-6\">\r\n                        <div class=\"ecolar-blog-post-item\">\r\n                            <div class=\"ecolar-blog-post-img\">\r\n                                                                <img decoding=\"async\" width=\"2560\" height=\"1440\" src=\"https:\/\/www.allianceclimat.com\/wp-content\/uploads\/2024\/12\/COP29_-_16_9_No_Logo_-scaled.jpg\" class=\"img-responsive wp-post-image\" alt=\"\" srcset=\"https:\/\/www.allianceclimat.com\/wp-content\/uploads\/2024\/12\/COP29_-_16_9_No_Logo_-scaled.jpg 2560w, https:\/\/www.allianceclimat.com\/wp-content\/uploads\/2024\/12\/COP29_-_16_9_No_Logo_-300x169.jpg 300w, https:\/\/www.allianceclimat.com\/wp-content\/uploads\/2024\/12\/COP29_-_16_9_No_Logo_-1024x576.jpg 1024w, https:\/\/www.allianceclimat.com\/wp-content\/uploads\/2024\/12\/COP29_-_16_9_No_Logo_-768x432.jpg 768w, https:\/\/www.allianceclimat.com\/wp-content\/uploads\/2024\/12\/COP29_-_16_9_No_Logo_-1536x864.jpg 1536w, https:\/\/www.allianceclimat.com\/wp-content\/uploads\/2024\/12\/COP29_-_16_9_No_Logo_-2048x1152.jpg 2048w, https:\/\/www.allianceclimat.com\/wp-content\/uploads\/2024\/12\/COP29_-_16_9_No_Logo_-600x338.jpg 600w\" sizes=\"(max-width: 2560px) 100vw, 2560px\" \/>                                                                <div class=\"ecolar-blog-post-content\">\r\n                                                                        <div class=\"post-meta-item\">\r\n                                        <ul>\r\n                                                                                                                                        <li class=\"post-comment\"><i class=\"fas fa-comment\"><\/i> <span>Commentaires ferm\u00e9s<span class=\"screen-reader-text\"> sur Nature, climat et terres<\/span><\/span><\/li>\r\n                                                                                                                                                                                                                                                    <\/ul>\r\n                                    <\/div>\r\n                                                                        <div class=\"ecolar-blog-post-title\">\r\n                                        <a href=\"https:\/\/www.allianceclimat.com\/index.php\/2024\/12\/01\/nature-climat-et-terres\/\">Nature, climat et terres<\/a>\r\n                                    <\/div>\r\n                                    <div class=\"ecolar-post-dec\">\r\n                                        <P>Tout ce qu'il faut savoir sur les trois grandes conf\u00e9rences environnementales de cette ann\u00e9e La crise climatique, la perte de biodiversit\u00e9, la d\u00e9gradation des\u2026<\/P>\r\n                                    <\/div>\r\n                                <\/div>\r\n                            <\/div>\r\n                        <\/div>\r\n                    <\/div>\r\n                                        <div class=\"col-12 col-sm-12 col-md-6 col-lg-6\">\r\n                        <div class=\"ecolar-blog-post-item\">\r\n                            <div class=\"ecolar-blog-post-img\">\r\n                                                                <img loading=\"lazy\" decoding=\"async\" width=\"1400\" height=\"630\" src=\"https:\/\/www.allianceclimat.com\/wp-content\/uploads\/2024\/12\/220704_CIFOR-ICRAF_World-Restoration-Flagship_Regreening-Africa_Ghana_Kelvin-Trautman-2.jpg\" class=\"img-responsive wp-post-image\" alt=\"\" srcset=\"https:\/\/www.allianceclimat.com\/wp-content\/uploads\/2024\/12\/220704_CIFOR-ICRAF_World-Restoration-Flagship_Regreening-Africa_Ghana_Kelvin-Trautman-2.jpg 1400w, https:\/\/www.allianceclimat.com\/wp-content\/uploads\/2024\/12\/220704_CIFOR-ICRAF_World-Restoration-Flagship_Regreening-Africa_Ghana_Kelvin-Trautman-2-300x135.jpg 300w, https:\/\/www.allianceclimat.com\/wp-content\/uploads\/2024\/12\/220704_CIFOR-ICRAF_World-Restoration-Flagship_Regreening-Africa_Ghana_Kelvin-Trautman-2-1024x461.jpg 1024w, https:\/\/www.allianceclimat.com\/wp-content\/uploads\/2024\/12\/220704_CIFOR-ICRAF_World-Restoration-Flagship_Regreening-Africa_Ghana_Kelvin-Trautman-2-768x346.jpg 768w, https:\/\/www.allianceclimat.com\/wp-content\/uploads\/2024\/12\/220704_CIFOR-ICRAF_World-Restoration-Flagship_Regreening-Africa_Ghana_Kelvin-Trautman-2-600x270.jpg 600w\" sizes=\"(max-width: 1400px) 100vw, 1400px\" \/>                                                                <div class=\"ecolar-blog-post-content\">\r\n                                                                        <div class=\"post-meta-item\">\r\n                                        <ul>\r\n                                                                                                                                        <li class=\"post-comment\"><i class=\"fas fa-comment\"><\/i> <a href=\"https:\/\/www.allianceclimat.com\/index.php\/2024\/12\/01\/grace-a-laugmentation-du-couvert-forestier-les-paysages-africains-secs-reprennent-vie\/#respond\">0 Comment<\/a><\/li>\r\n                                                                                                                                                                                                                                                    <\/ul>\r\n                                    <\/div>\r\n                                                                        <div class=\"ecolar-blog-post-title\">\r\n                                        <a href=\"https:\/\/www.allianceclimat.com\/index.php\/2024\/12\/01\/grace-a-laugmentation-du-couvert-forestier-les-paysages-africains-secs-reprennent-vie\/\">Gr\u00e2ce \u00e0 l&rsquo;augmentation du couvert forestier, les paysages africains secs\u2026<\/a>\r\n                                    <\/div>\r\n                                    <div class=\"ecolar-post-dec\">\r\n                                        <P>Lorsque Yeshitila Haile regarde la colline derri\u00e8re sa ferme, il met la main sur son c\u0153ur et parle avec une grande satisfaction de la\u2026<\/P>\r\n                                    <\/div>\r\n                                <\/div>\r\n                            <\/div>\r\n                        <\/div>\r\n                    <\/div>\r\n                                        <div class=\"col-12 col-sm-12 col-md-6 col-lg-6\">\r\n                        <div class=\"ecolar-blog-post-item\">\r\n                            <div class=\"ecolar-blog-post-img\">\r\n                                                                <img loading=\"lazy\" decoding=\"async\" width=\"1300\" height=\"535\" src=\"https:\/\/www.allianceclimat.com\/wp-content\/uploads\/2024\/12\/photo-logo-cop29.jpeg\" class=\"img-responsive wp-post-image\" alt=\"\" srcset=\"https:\/\/www.allianceclimat.com\/wp-content\/uploads\/2024\/12\/photo-logo-cop29.jpeg 1300w, https:\/\/www.allianceclimat.com\/wp-content\/uploads\/2024\/12\/photo-logo-cop29-300x123.jpeg 300w, https:\/\/www.allianceclimat.com\/wp-content\/uploads\/2024\/12\/photo-logo-cop29-1024x421.jpeg 1024w, https:\/\/www.allianceclimat.com\/wp-content\/uploads\/2024\/12\/photo-logo-cop29-768x316.jpeg 768w, https:\/\/www.allianceclimat.com\/wp-content\/uploads\/2024\/12\/photo-logo-cop29-600x247.jpeg 600w\" sizes=\"(max-width: 1300px) 100vw, 1300px\" \/>                                                                <div class=\"ecolar-blog-post-content\">\r\n                                                                        <div class=\"post-meta-item\">\r\n                                        <ul>\r\n                                                                                                                                        <li class=\"post-comment\"><i class=\"fas fa-comment\"><\/i> <a href=\"https:\/\/www.allianceclimat.com\/index.php\/2024\/12\/01\/le-benin-devoile-un-cadre-daction-climatique-ambitieux-a-la-cop29-pour-favoriser-la-transition-verte-et-le-developpement-durable\/#respond\">0 Comment<\/a><\/li>\r\n                                                                                                                                                                                                                                                    <\/ul>\r\n                                    <\/div>\r\n                                                                        <div class=\"ecolar-blog-post-title\">\r\n                                        <a href=\"https:\/\/www.allianceclimat.com\/index.php\/2024\/12\/01\/le-benin-devoile-un-cadre-daction-climatique-ambitieux-a-la-cop29-pour-favoriser-la-transition-verte-et-le-developpement-durable\/\">Le B\u00e9nin d\u00e9voile un cadre d\u2019action climatique ambitieux \u00e0 la\u2026<\/a>\r\n                                    <\/div>\r\n                                    <div class=\"ecolar-post-dec\">\r\n                                        <P>Le gouvernement du B\u00e9nin, en collaboration avec plusieurs institutions financi\u00e8res internationales et partenaires du d\u00e9veloppement, a lanc\u00e9 le 15 novembre un cadre d\u2019action ambitieux\u2026<\/P>\r\n                                    <\/div>\r\n                                <\/div>\r\n                            <\/div>\r\n                        <\/div>\r\n                    <\/div>\r\n                                        <div class=\"col-12 col-sm-12 col-md-6 col-lg-6\">\r\n                        <div class=\"ecolar-blog-post-item\">\r\n                            <div class=\"ecolar-blog-post-img\">\r\n                                                                <img loading=\"lazy\" decoding=\"async\" width=\"1536\" height=\"1024\" src=\"https:\/\/www.allianceclimat.com\/wp-content\/uploads\/2024\/12\/secheresse.jpg\" class=\"img-responsive wp-post-image\" alt=\"\" srcset=\"https:\/\/www.allianceclimat.com\/wp-content\/uploads\/2024\/12\/secheresse.jpg 1536w, https:\/\/www.allianceclimat.com\/wp-content\/uploads\/2024\/12\/secheresse-300x200.jpg 300w, https:\/\/www.allianceclimat.com\/wp-content\/uploads\/2024\/12\/secheresse-1024x683.jpg 1024w, https:\/\/www.allianceclimat.com\/wp-content\/uploads\/2024\/12\/secheresse-768x512.jpg 768w, https:\/\/www.allianceclimat.com\/wp-content\/uploads\/2024\/12\/secheresse-600x400.jpg 600w\" sizes=\"(max-width: 1536px) 100vw, 1536px\" \/>                                                                <div class=\"ecolar-blog-post-content\">\r\n                                                                        <div class=\"post-meta-item\">\r\n                                        <ul>\r\n                                                                                                                                        <li class=\"post-comment\"><i class=\"fas fa-comment\"><\/i> <a href=\"https:\/\/www.allianceclimat.com\/index.php\/2024\/12\/01\/2024-est-en-passe-de-devenir-lannee-la-plus-chaude-jamais-observee-alors-que-le-rechauffement-depasse-temporairement-15-c\/#respond\">0 Comment<\/a><\/li>\r\n                                                                                                                                                                                                                                                    <\/ul>\r\n                                    <\/div>\r\n                                                                        <div class=\"ecolar-blog-post-title\">\r\n                                        <a href=\"https:\/\/www.allianceclimat.com\/index.php\/2024\/12\/01\/2024-est-en-passe-de-devenir-lannee-la-plus-chaude-jamais-observee-alors-que-le-rechauffement-depasse-temporairement-15-c\/\">2024 est en passe de devenir l\u2019ann\u00e9e la plus chaude\u2026<\/a>\r\n                                    <\/div>\r\n                                    <div class=\"ecolar-post-dec\">\r\n                                        <P>Bakou (Azerba\u00efdjan) (OMM) \u2013 Selon l\u2019Organisation m\u00e9t\u00e9orologique mondiale (OMM), l\u2019ann\u00e9e 2024 est en passe de devenir l\u2019ann\u00e9e la plus chaude jamais observ\u00e9e apr\u00e8s une\u2026<\/P>\r\n                                    <\/div>\r\n                                <\/div>\r\n                            <\/div>\r\n                        <\/div>\r\n                    <\/div>\r\n                                                        <\/div>\r\n            <\/div>\r\n        <\/div>\r\n        \t\t<\/div>\n\t\t\t\t<\/div>\n\t\t\t\t\t<\/div>\n\t\t\t\t<\/div>\n\t\t<div class=\"elementor-element elementor-element-8640f06 e-flex e-con-boxed e-con e-parent\" data-id=\"8640f06\" data-element_type=\"container\">\n\t\t\t\t\t<div class=\"e-con-inner\">\n\t\t\t\t<div class=\"elementor-element elementor-element-2d7234d elementor-widget elementor-widget-html\" data-id=\"2d7234d\" data-element_type=\"widget\" data-widget_type=\"html.default\">\n\t\t\t\t<div class=\"elementor-widget-container\">\n\t\t\t<style>\n    .breadcroumb-area {\n    \/* padding: 150px 0; *\/\n    background-color: #348239;\n    padding-top: 200px;\n    padding-bottom: 60px;\n}\n<\/style>\t\t<\/div>\n\t\t\t\t<\/div>\n\t\t\t\t\t<\/div>\n\t\t\t\t<\/div>\n\t\t\t\t<\/div>\n\t\t","protected":false},"excerpt":{"rendered":"<p>0 Comment Les multiples impacts du\u00a0r\u00e9chauffement climatique sur la\u00a0sant\u00e9 humaine La mortalit\u00e9 li\u00e9e \u00e0 la chaleur a augment\u00e9 de\u00a068\u00a0% entre\u00a02017 et\u00a02021 par rapport \u00e0 la p\u00e9riode 2000-2004, selon un rapport du \u00ab\u00a0Lancet\u00a0\u00bb publi\u00e9 mercredi.\u2026 0 Comment Nature, climat et terres Tout ce qu&rsquo;il faut savoir sur les trois grandes conf\u00e9rences environnementales de cette ann\u00e9e La [&hellip;]<\/p>\n","protected":false},"author":1,"featured_media":0,"parent":0,"menu_order":0,"comment_status":"closed","ping_status":"closed","template":"","meta":{"footnotes":""},"class_list":["post-1392","page","type-page","status-publish","hentry"],"_links":{"self":[{"href":"https:\/\/www.allianceclimat.com\/index.php\/wp-json\/wp\/v2\/pages\/1392","targetHints":{"allow":["GET"]}}],"collection":[{"href":"https:\/\/www.allianceclimat.com\/index.php\/wp-json\/wp\/v2\/pages"}],"about":[{"href":"https:\/\/www.allianceclimat.com\/index.php\/wp-json\/wp\/v2\/types\/page"}],"author":[{"embeddable":true,"href":"https:\/\/www.allianceclimat.com\/index.php\/wp-json\/wp\/v2\/users\/1"}],"replies":[{"embeddable":true,"href":"https:\/\/www.allianceclimat.com\/index.php\/wp-json\/wp\/v2\/comments?post=1392"}],"version-history":[{"count":15,"href":"https:\/\/www.allianceclimat.com\/index.php\/wp-json\/wp\/v2\/pages\/1392\/revisions"}],"predecessor-version":[{"id":3583,"href":"https:\/\/www.allianceclimat.com\/index.php\/wp-json\/wp\/v2\/pages\/1392\/revisions\/3583"}],"wp:attachment":[{"href":"https:\/\/www.allianceclimat.com\/index.php\/wp-json\/wp\/v2\/media?parent=1392"}],"curies":[{"name":"wp","href":"https:\/\/api.w.org\/{rel}","templated":true}]}}